{"id":1307,"date":"2017-08-11T15:54:07","date_gmt":"2017-08-11T18:54:07","guid":{"rendered":"http:\/\/quazargroup.com.ar\/wpweb\/?page_id=1307"},"modified":"2017-08-11T15:54:07","modified_gmt":"2017-08-11T18:54:07","slug":"nuestra-mision","status":"publish","type":"page","link":"https:\/\/quazargroup.com.ar\/index.php\/nuestra-mision\/","title":{"rendered":"Nuestra misi\u00f3n"},"content":{"rendered":"<p>Nuestra misi\u00f3n es la de proveer servicios de consultor\u00eda, desarrollo de software y entrenamiento de alta calidad, orientados a la resoluci\u00f3n de problemas de negocios para las grandes y medianas empresas.<\/p>\n<p>La cultura de nuestra empresa se define con las siguientes claves:<\/p>\n<ul>\n<li>Personal altamente capacitado y comprometido.<\/li>\n<li>Efectividad en la operaci\u00f3n y control de recursos.<\/li>\n<li>Innovaci\u00f3n y pasi\u00f3n por la tecnolog\u00eda.<\/li>\n<li>Excelente relaci\u00f3n \u201cCosto\/Beneficio\u201d gracias a nuestra operaci\u00f3n descentralizada.<\/li>\n<\/ul>\n","protected":false},"excerpt":{"rendered":"<p>Nuestra misi\u00f3n es la de proveer servicios de consultor\u00eda, desarrollo de software y entrenamiento de alta calidad, orientados a la resoluci\u00f3n de problemas de negocios para las grandes y medianas &#8230;<\/p>\n","protected":false},"author":1,"featured_media":0,"parent":0,"menu_order":0,"comment_status":"closed","ping_status":"closed","template":"","meta":{"footnotes":""},"class_list":["post-1307","page","type-page","status-publish","hentry"],"_links":{"self":[{"href":"https:\/\/quazargroup.com.ar\/index.php\/wp-json\/wp\/v2\/pages\/1307","targetHints":{"allow":["GET"]}}],"collection":[{"href":"https:\/\/quazargroup.com.ar\/index.php\/wp-json\/wp\/v2\/pages"}],"about":[{"href":"https:\/\/quazargroup.com.ar\/index.php\/wp-json\/wp\/v2\/types\/page"}],"author":[{"embeddable":true,"href":"https:\/\/quazargroup.com.ar\/index.php\/wp-json\/wp\/v2\/users\/1"}],"replies":[{"embeddable":true,"href":"https:\/\/quazargroup.com.ar\/index.php\/wp-json\/wp\/v2\/comments?post=1307"}],"version-history":[{"count":0,"href":"https:\/\/quazargroup.com.ar\/index.php\/wp-json\/wp\/v2\/pages\/1307\/revisions"}],"wp:attachment":[{"href":"https:\/\/quazargroup.com.ar\/index.php\/wp-json\/wp\/v2\/media?parent=1307"}],"curies":[{"name":"wp","href":"https:\/\/api.w.org\/{rel}","templated":true}]}}