{"id":23,"date":"2016-02-12T08:12:49","date_gmt":"2016-02-12T08:12:49","guid":{"rendered":"http:\/\/demos.famethemes.com\/onepress\/?page_id=23"},"modified":"2016-02-12T08:12:49","modified_gmt":"2016-02-12T08:12:49","slug":"consultoria","status":"publish","type":"page","link":"https:\/\/quazargroup.com.ar\/index.php\/consultoria\/","title":{"rendered":"Consultor\u00eda"},"content":{"rendered":"<p>Teniendo como objetivo responder en forma precisa a los requerimientos de sus clientes, la Divisi\u00f3n Consultor\u00eda de Quazar Group se vale del mejor uso de las tecnolog\u00edas de informaci\u00f3n y de una clara visi\u00f3n de las necesidades del negocio.<\/p>\n<p><strong>Servicios:<\/strong><\/p>\n<p>Quazar Group cuenta con el conocimiento, la experiencia, los consultores, las herramientas y la tecnolog\u00eda m\u00e1s avanzada para entregar a sus clientes un servicio de consultor\u00eda flexible e innovador, orientado a brindar soluciones inform\u00e1ticas personalizadas.<\/p>\n<p>Ya sea mediante el liderazgo total de proyectos (&#8220;llave en mano&#8221;) o la provisi\u00f3n de Servicios Profesionales, la Divisi\u00f3n Consultor\u00eda se focaliza en:<\/p>\n<ul>\n<li>Desarrollo e Implementaci\u00f3n de Soluciones de Project Management<\/li>\n<li>Desarrollo de Aplicaciones Anal\u00edticas (Business Intelligence)<\/li>\n<li>Desarrollo de Aplicaciones Transaccionales<\/li>\n<li>Soluciones de Portales<\/li>\n<li>Soluciones de Colaboraci\u00f3n<\/li>\n<li>Soluciones de Knowledge Management<\/li>\n<li>Consultor\u00eda y Servicios en Infraestructura<\/li>\n<\/ul>\n","protected":false},"excerpt":{"rendered":"<p>Teniendo como objetivo responder en forma precisa a los requerimientos de sus clientes, la Divisi\u00f3n Consultor\u00eda de Quazar Group se vale del mejor uso de las tecnolog\u00edas de informaci\u00f3n y de una clara visi\u00f3n de las necesidades del negocio.<\/p>\n","protected":false},"author":1,"featured_media":0,"parent":0,"menu_order":0,"comment_status":"closed","ping_status":"closed","template":"template-fullwidth.php","meta":{"footnotes":""},"class_list":["post-23","page","type-page","status-publish","hentry"],"_links":{"self":[{"href":"https:\/\/quazargroup.com.ar\/index.php\/wp-json\/wp\/v2\/pages\/23","targetHints":{"allow":["GET"]}}],"collection":[{"href":"https:\/\/quazargroup.com.ar\/index.php\/wp-json\/wp\/v2\/pages"}],"about":[{"href":"https:\/\/quazargroup.com.ar\/index.php\/wp-json\/wp\/v2\/types\/page"}],"author":[{"embeddable":true,"href":"https:\/\/quazargroup.com.ar\/index.php\/wp-json\/wp\/v2\/users\/1"}],"replies":[{"embeddable":true,"href":"https:\/\/quazargroup.com.ar\/index.php\/wp-json\/wp\/v2\/comments?post=23"}],"version-history":[{"count":0,"href":"https:\/\/quazargroup.com.ar\/index.php\/wp-json\/wp\/v2\/pages\/23\/revisions"}],"wp:attachment":[{"href":"https:\/\/quazargroup.com.ar\/index.php\/wp-json\/wp\/v2\/media?parent=23"}],"curies":[{"name":"wp","href":"https:\/\/api.w.org\/{rel}","templated":true}]}}