{"id":24,"date":"2016-02-12T08:13:06","date_gmt":"2016-02-12T08:13:06","guid":{"rendered":"http:\/\/demos.famethemes.com\/onepress\/?page_id=24"},"modified":"2016-02-12T08:13:06","modified_gmt":"2016-02-12T08:13:06","slug":"desarrollo","status":"publish","type":"page","link":"https:\/\/quazargroup.com.ar\/index.php\/desarrollo\/","title":{"rendered":"Desarrollo de software"},"content":{"rendered":"<p>El \u00e1rea de desarrollo de Quazar Group se focaliza en la constante b\u00fasqueda de responder a las distintas demandas espec\u00edficas de cada cliente a trav\u00e9s de una personalizaci\u00f3n del producto, siempre de acuerdo con sus requerimientos.<\/p>\n<p>En este \u00e1rea, nuestros profesionales cuentan con un extensa experiencia en el desarrollo de aplicaciones a medida, sustentadas en su capacidad t\u00e9cnica y flexibilidad a la hora de brindar soluciones adecuadas.<\/p>\n<p>Quazar Group brinda soluciones de management de proyectos que involucran an\u00e1lisis, asesoramiento, dise\u00f1o y desarrollo, hasta la implementaci\u00f3n final, documentaci\u00f3n, soporte a IT, soporte y capacitaci\u00f3n a usuarios finales de soluciones de desarrollo sobre diferentes plataformas, soluciones basadas en internet, Datawarehouse y Business Intelligence.<\/p>\n","protected":false},"excerpt":{"rendered":"<p>El \u00e1rea de desarrollo de Quazar Group se focaliza en la constante b\u00fasqueda de responder a las distintas demandas espec\u00edficas de cada cliente a trav\u00e9s de una personalizaci\u00f3n del producto, siempre de acuerdo con sus requerimientos.<\/p>\n","protected":false},"author":1,"featured_media":0,"parent":0,"menu_order":0,"comment_status":"closed","ping_status":"closed","template":"template-fullwidth.php","meta":{"footnotes":""},"class_list":["post-24","page","type-page","status-publish","hentry"],"_links":{"self":[{"href":"https:\/\/quazargroup.com.ar\/index.php\/wp-json\/wp\/v2\/pages\/24","targetHints":{"allow":["GET"]}}],"collection":[{"href":"https:\/\/quazargroup.com.ar\/index.php\/wp-json\/wp\/v2\/pages"}],"about":[{"href":"https:\/\/quazargroup.com.ar\/index.php\/wp-json\/wp\/v2\/types\/page"}],"author":[{"embeddable":true,"href":"https:\/\/quazargroup.com.ar\/index.php\/wp-json\/wp\/v2\/users\/1"}],"replies":[{"embeddable":true,"href":"https:\/\/quazargroup.com.ar\/index.php\/wp-json\/wp\/v2\/comments?post=24"}],"version-history":[{"count":0,"href":"https:\/\/quazargroup.com.ar\/index.php\/wp-json\/wp\/v2\/pages\/24\/revisions"}],"wp:attachment":[{"href":"https:\/\/quazargroup.com.ar\/index.php\/wp-json\/wp\/v2\/media?parent=24"}],"curies":[{"name":"wp","href":"https:\/\/api.w.org\/{rel}","templated":true}]}}