{"id":26,"date":"2016-02-12T08:13:33","date_gmt":"2016-02-12T08:13:33","guid":{"rendered":"http:\/\/demos.famethemes.com\/onepress\/?page_id=26"},"modified":"2016-02-12T08:13:33","modified_gmt":"2016-02-12T08:13:33","slug":"implementacion-productos","status":"publish","type":"page","link":"https:\/\/quazargroup.com.ar\/index.php\/implementacion-productos\/","title":{"rendered":"Implementaci\u00f3n de soluciones"},"content":{"rendered":"<p>A partir del set de productos de tecnolog\u00eda de los vendors m\u00e1s importantes del mundo, Quazar Group cuenta con una amplia oferta de soluciones.<\/p>\n<p>Todas estas soluciones cuentan con un alto valor agregado, marcando, de este modo, un claro liderazgo en la provisi\u00f3n de soluciones realmente integrales.<\/p>\n<p>Nuestros consultores y t\u00e9cnicos se integran a su operaci\u00f3n para que usted se sienta acompa\u00f1ado en todo el proceso del proyecto, y adicionalmente se optimicen los plazos del mismo.<\/p>\n<p><strong>Soluciones con Microsoft SharePoint<\/strong><br \/>\nSharePoint Server provee una suite de aplicaciones empresariales que permite, de manera simplificada y centralizada, optimizar los procesos de colaboraci\u00f3n de equipos de trabajo de manera local y remota. Disminuye el TCO de la informaci\u00f3n administrando la forma de manejar contenidos, como as\u00ed tambi\u00e9n permite tomar decisiones m\u00e1s r\u00e1pidas brindando la informaci\u00f3n necesaria.<\/p>\n<p>Quazar Group no s\u00f3lo provee servicios de Consultor\u00eda, Implementacion y Entrenamiento sobre SharePoint Server, sino que tambi\u00e9n lo ayuda a integrar SharePoint Server en su empresa, realizando un an\u00e1lisis puntual sobre sus necesidades de negocio.<\/p>\n<p>Nuestra amplia experiencia en implementaciones a gran escala de SharePoint Server nos permite afirmar que nuestro servicios y soluciones son uno de los mejores y de mayor calidad en el mercado.<\/p>\n<p><strong>Soluciones de EAI con Microsoft BizTalk Server <\/strong><br \/>\nMicrosoft BizTalk Server es la soluci\u00f3n ideal para su plataforma de EAI (Enterprise Application Integration), no s\u00f3lo permite resolver escenarios t\u00edpicos de integraci\u00f3n en tiempo record, sino que tambi\u00e9n, utilizando los \u00faltimos est\u00e1ndares de la industria, permite solucionar cualquier escenario de integraci\u00f3n, se encuentre en la plataforma que se encuentre.<\/p>\n<p>Quazar Group no ve a BizTalk Server como una aplicaci\u00f3n servidor m\u00e1s dentro de su arsenal, sino como un framework de desarrollo que debe ser administrado de la mejor manera posible para permitirle a usted tener el control de los circuitos de integraci\u00f3n. Quazar Group no s\u00f3lo provee servicios de Consultor\u00eda, Implementacion y Entrenamiento sobre BizTalk Server, sino que tambi\u00e9n lo ayuda a integrar BizTalk Server con su empresa de la manera que usted lo necesita, realizando un an\u00e1lisis puntual sobre sus necesidades de negocio.<\/p>\n<p>Nuestra amplia experiencia en implementaciones a gran escala de BizTalk Server y de EAI nos permite afirmar que nuestros servicios y soluciones son unos de los mejores y de mayor calidad en el mercado.<\/p>\n<p><strong>Lo que necesita su empresa, saber lo que necesitan sus clientes. Microsoft Dynamics CRM<\/strong><br \/>\nRedefina las relaciones con sus clientes con una soluci\u00f3n completa y accesible de CRM para conseguir mejoras con resultados medibles a lo largo de todo el proceso de administraci\u00f3n de clientes.<\/p>\n<p>Trabaja en la forma que usted lo hace La experiencia de uso de Microsoft Dynamics CRM ha sido dise\u00f1ada para ser una extensi\u00f3n natural de Microsoft Office y Microsoft Outlook\u00ae.<\/p>\n<p>Funciona en la forma que su negocio lo hace Microsoft Dynamics CRM provee a las empresas una plataforma flexible y personalizable que puede ser ajustada f\u00e1cilmente para satisfacer las necesidades \u00fanicas de su empresa.<\/p>\n<p>Funciona en la forma que la tecnolog\u00eda debe Gracias a que el dise\u00f1o del producto fue basado en la escalable y segura plataforma .NET.<\/p>\n<p><em>Beneficios de utilizar Microsoft Dynamics CRM<\/em><br \/>\nLos fundamentos tecnol\u00f3gicos de Microsoft Dynamics CRM le ofrecen m\u00faltiples beneficios:<\/p>\n<p>Inversi\u00f3n rentable: Mantener bajo el costo total de propiedad significa que Microsoft Dynamics CRM trabajar\u00e1 para usted hoy, ma\u00f1ana y durante toda la vida de su empresa.<\/p>\n<p>Mayor productividad: Microsoft Dynamics CRM ofrece una interfaz de usuario intuitiva, que le permitir\u00e1 asignar las jerarqu\u00edas organizativas de una forma r\u00e1pida y exacta, incluso en m\u00faltiples departamentos y estructuras complejas de informes.<\/p>\n<p>Integraci\u00f3n: Los m\u00f3dulos de Servicio al Cliente y Ventas perfectamente integrados facilitan el uso compartido de informaci\u00f3n de clientes y productos, y asegura que cuando se introducen datos en Microsoft Dynamics CRM, la informaci\u00f3n se actualiza autom\u00e1ticamente en toda la aplicaci\u00f3n para todos los usuarios.<\/p>\n<p>Con Microsoft Outlook, los empleados de ventas pueden trabajar on line o sin conexi\u00f3n con toda la funcionalidad del m\u00f3dulo de ventas (incluso cuentas, contactos, oportunidades, productos, documentaci\u00f3n de ventas, actividades, correos electr\u00f3nicos, etc).<\/p>\n","protected":false},"excerpt":{"rendered":"<p>Quazar Group cuenta con una amplia oferta de soluciones, como por ejemplo Microsoft SharePoint, Microsoft Biztalk Server y Microsoft Dynamics CRM.<\/p>\n","protected":false},"author":1,"featured_media":0,"parent":0,"menu_order":0,"comment_status":"closed","ping_status":"closed","template":"template-fullwidth.php","meta":{"footnotes":""},"class_list":["post-26","page","type-page","status-publish","hentry"],"_links":{"self":[{"href":"https:\/\/quazargroup.com.ar\/index.php\/wp-json\/wp\/v2\/pages\/26","targetHints":{"allow":["GET"]}}],"collection":[{"href":"https:\/\/quazargroup.com.ar\/index.php\/wp-json\/wp\/v2\/pages"}],"about":[{"href":"https:\/\/quazargroup.com.ar\/index.php\/wp-json\/wp\/v2\/types\/page"}],"author":[{"embeddable":true,"href":"https:\/\/quazargroup.com.ar\/index.php\/wp-json\/wp\/v2\/users\/1"}],"replies":[{"embeddable":true,"href":"https:\/\/quazargroup.com.ar\/index.php\/wp-json\/wp\/v2\/comments?post=26"}],"version-history":[{"count":0,"href":"https:\/\/quazargroup.com.ar\/index.php\/wp-json\/wp\/v2\/pages\/26\/revisions"}],"wp:attachment":[{"href":"https:\/\/quazargroup.com.ar\/index.php\/wp-json\/wp\/v2\/media?parent=26"}],"curies":[{"name":"wp","href":"https:\/\/api.w.org\/{rel}","templated":true}]}}